{"id":15530,"date":"2022-10-10T21:33:17","date_gmt":"2022-10-10T21:33:17","guid":{"rendered":"https:\/\/charmstudios.co.uk\/?page_id=15530"},"modified":"2022-10-10T21:44:34","modified_gmt":"2022-10-10T21:44:34","slug":"interviu-online-videochat","status":"publish","type":"page","link":"https:\/\/charmstudios.co.uk\/en\/interviu-online-videochat\/","title":{"rendered":"ONLINE VIDEOCHAT INTERVIEW"},"content":{"rendered":"\t\t<div data-elementor-type=\"wp-page\" data-elementor-id=\"15530\" class=\"elementor elementor-15530\" data-elementor-post-type=\"page\">\n\t\t\t\t\t\t<section class=\"elementor-section elementor-top-section elementor-element elementor-element-167544d4 elementor-section-height-full elementor-section-boxed elementor-section-height-default elementor-section-items-middle\" data-id=\"167544d4\" data-element_type=\"section\" data-e-type=\"section\" data-settings=\"{&quot;background_background&quot;:&quot;classic&quot;}\">\n\t\t\t\t\t\t<div class=\"elementor-container elementor-column-gap-default\">\n\t\t\t\t\t<div class=\"elementor-column elementor-col-100 elementor-top-column elementor-element elementor-element-1d2012d7\" data-id=\"1d2012d7\" data-element_type=\"column\" data-e-type=\"column\">\n\t\t\t<div class=\"elementor-widget-wrap elementor-element-populated\">\n\t\t\t\t\t\t<div class=\"elementor-element elementor-element-f1749d4 elementor-widget elementor-widget-heading\" data-id=\"f1749d4\" data-element_type=\"widget\" data-e-type=\"widget\" data-widget_type=\"heading.default\">\n\t\t\t\t<div class=\"elementor-widget-container\">\n\t\t\t\t\t<span class=\"elementor-heading-title elementor-size-default\">\u2014 CHARM STUDIOS<\/span>\t\t\t\t<\/div>\n\t\t\t\t<\/div>\n\t\t\t\t<div class=\"elementor-element elementor-element-ad48686 elementor-widget elementor-widget-heading\" data-id=\"ad48686\" data-element_type=\"widget\" data-e-type=\"widget\" data-widget_type=\"heading.default\">\n\t\t\t\t<div class=\"elementor-widget-container\">\n\t\t\t\t\t<h1 class=\"elementor-heading-title elementor-size-default\">INTERVIU ONLINE VIDEOCHAT<\/h1>\t\t\t\t<\/div>\n\t\t\t\t<\/div>\n\t\t\t\t<div class=\"elementor-element elementor-element-725d2a30 elementor-widget-divider--view-line elementor-widget elementor-widget-divider\" data-id=\"725d2a30\" data-element_type=\"widget\" data-e-type=\"widget\" data-widget_type=\"divider.default\">\n\t\t\t\t<div class=\"elementor-widget-container\">\n\t\t\t\t\t\t\t<div class=\"elementor-divider\">\n\t\t\t<span class=\"elementor-divider-separator\">\n\t\t\t\t\t\t<\/span>\n\t\t<\/div>\n\t\t\t\t\t\t<\/div>\n\t\t\t\t<\/div>\n\t\t\t\t<div class=\"elementor-element elementor-element-4efbaed0 elementor-widget elementor-widget-text-editor\" data-id=\"4efbaed0\" data-element_type=\"widget\" data-e-type=\"widget\" data-widget_type=\"text-editor.default\">\n\t\t\t\t<div class=\"elementor-widget-container\">\n\t\t\t\t\t\t\t\t\t<p>Primul pas pentru a te angaja la\u00a0<strong>Charm Studios\u00a0<\/strong>este interviul online. Aceasta este o form? profesionista si simpla de a \u00eencepe o colaborare: ne transmiti cateva lucruri despre tine, ne asiguram ca ai 18 ani si apoi te putem invita la sediul nostru, pentru a ne cunoaste. Important e sa fii sincera, deschisa si sa uiti de emotii. Am avut sute de interviuri de-a lungul timpului si stim cum\u00a0 sa vorbim cu tine astfel incat sa nu ai motive de stres.<\/p>\t\t\t\t\t\t\t\t<\/div>\n\t\t\t\t<\/div>\n\t\t\t\t<div class=\"elementor-element elementor-element-48c8a0c6 elementor-widget elementor-widget-text-editor\" data-id=\"48c8a0c6\" data-element_type=\"widget\" data-e-type=\"widget\" data-widget_type=\"text-editor.default\">\n\t\t\t\t<div class=\"elementor-widget-container\">\n\t\t\t\t\t\t\t\t\t<p>Tot pentru linistea ta, e bine sa stii ca toate datele pe care tu ni le transmiti online raman secrete. Nu vom publica si nu vom vorbi cu nimeni despre numele tau. Chiar daca tu te razgandesti si nu mai vrei sa vii la studio dupa interviul online, noi suntem discrete si iti protejam total identitatea.<\/p>\t\t\t\t\t\t\t\t<\/div>\n\t\t\t\t<\/div>\n\t\t\t\t<div class=\"elementor-element elementor-element-10dee803 elementor-widget elementor-widget-wpforms\" data-id=\"10dee803\" data-element_type=\"widget\" data-e-type=\"widget\" data-widget_type=\"wpforms.default\">\n\t\t\t\t<div class=\"elementor-widget-container\">\n\t\t\t\t\t<div class=\"wpforms-container \" id=\"wpforms-13886\"><form id=\"wpforms-form-13886\" class=\"wpforms-validate wpforms-form wpforms-ajax-form\" data-formid=\"13886\" method=\"post\" enctype=\"multipart\/form-data\" action=\"\/en\/wp-json\/wp\/v2\/pages\/15530\" data-token=\"d1f6cbb76f3bfc5788f140550985e493\"><noscript class=\"wpforms-error-noscript\">Please enable JavaScript in your browser to complete this form.<\/noscript><div class=\"wpforms-field-container\"><div id=\"wpforms-13886-field_0-container\" class=\"wpforms-field wpforms-field-name\" data-field-id=\"0\"><label class=\"wpforms-field-label wpforms-label-hide\" for=\"wpforms-13886-field_0\">Name <span class=\"wpforms-required-label\">*<\/span><\/label><input type=\"text\" id=\"wpforms-13886-field_0\" class=\"wpforms-field-large wpforms-field-required\" name=\"wpforms[fields][0]\" placeholder=\"Your name\" required><\/div><div id=\"wpforms-13886-field_1-container\" class=\"wpforms-field wpforms-field-email\" data-field-id=\"1\"><label class=\"wpforms-field-label wpforms-label-hide\" for=\"wpforms-13886-field_1\">Email <span class=\"wpforms-required-label\">*<\/span><\/label><input type=\"email\" id=\"wpforms-13886-field_1\" class=\"wpforms-field-large wpforms-field-required\" name=\"wpforms[fields][1]\" placeholder=\"Your email\" required><\/div><div id=\"wpforms-13886-field_6-container\" class=\"wpforms-field wpforms-field-phone\" data-field-id=\"6\"><label class=\"wpforms-field-label wpforms-label-hide\" for=\"wpforms-13886-field_6\">Phone <span class=\"wpforms-required-label\">*<\/span><\/label><input type=\"tel\" id=\"wpforms-13886-field_6\" class=\"wpforms-field-large wpforms-field-required wpforms-smart-phone-field\" data-rule-smart-phone-field=\"true\" name=\"wpforms[fields][6]\" placeholder=\"Your phone number\" required><\/div><div id=\"wpforms-13886-field_8-container\" class=\"wpforms-field wpforms-field-number\" data-field-id=\"8\"><label class=\"wpforms-field-label wpforms-label-hide\" for=\"wpforms-13886-field_8\">Varsta <span class=\"wpforms-required-label\">*<\/span><\/label><input type=\"number\" pattern=\"\\d*\" id=\"wpforms-13886-field_8\" class=\"wpforms-field-large wpforms-field-required\" name=\"wpforms[fields][8]\" placeholder=\"Your Age\" required><\/div><div id=\"wpforms-13886-field_2-container\" class=\"wpforms-field wpforms-field-textarea\" data-field-id=\"2\"><label class=\"wpforms-field-label\" for=\"wpforms-13886-field_2\">Your message<\/label><textarea id=\"wpforms-13886-field_2\" class=\"wpforms-field-medium\" name=\"wpforms[fields][2]\" ><\/textarea><\/div><\/div><div class=\"wpforms-submit-container\"><input type=\"hidden\" name=\"wpforms[id]\" value=\"13886\"><input type=\"hidden\" name=\"wpforms[author]\" value=\"3\"><button type=\"submit\" name=\"wpforms[submit]\" id=\"wpforms-submit-13886\" class=\"wpforms-submit\" data-alt-text=\"Sending...\" data-submit-text=\"SEND MESSAGE\" aria-live=\"assertive\" value=\"wpforms-submit\">SEND MESSAGE<\/button><img decoding=\"async\" src=\"https:\/\/charmstudios.co.uk\/wp-content\/plugins\/wpforms\/assets\/images\/submit-spin.svg\" class=\"wpforms-submit-spinner\" style=\"display: none;\" width=\"26\" height=\"26\" alt=\"\"><\/div><\/form><\/div>  <!-- .wpforms-container -->\t\t\t\t<\/div>\n\t\t\t\t<\/div>\n\t\t\t\t\t<\/div>\n\t\t<\/div>\n\t\t\t\t\t<\/div>\n\t\t<\/section>\n\t\t\t\t<section class=\"elementor-section elementor-top-section elementor-element elementor-element-c04cf3a elementor-section-boxed elementor-section-height-default elementor-section-height-default\" data-id=\"c04cf3a\" data-element_type=\"section\" data-e-type=\"section\" data-settings=\"{&quot;background_background&quot;:&quot;classic&quot;}\">\n\t\t\t\t\t\t<div class=\"elementor-container elementor-column-gap-no\">\n\t\t\t\t\t<div class=\"elementor-column elementor-col-100 elementor-top-column elementor-element elementor-element-53c6b82\" data-id=\"53c6b82\" data-element_type=\"column\" data-e-type=\"column\" data-settings=\"{&quot;background_background&quot;:&quot;classic&quot;}\">\n\t\t\t<div class=\"elementor-widget-wrap elementor-element-populated\">\n\t\t\t\t\t\t<div class=\"elementor-element elementor-element-fc9695d elementor-widget elementor-widget-text-editor\" data-id=\"fc9695d\" data-element_type=\"widget\" data-e-type=\"widget\" data-widget_type=\"text-editor.default\">\n\t\t\t\t<div class=\"elementor-widget-container\">\n\t\t\t\t\t\t\t\t\t<p>De asemenea, poti sa ne contactezi oric\u00e2nd online. In orice zi, la orice ora. Fii far\u0103 grij\u0103, pentru ca nu deranjezi pe nimeni. O colega de la\u00a0Charm Studios\u00a0este tot timpul online si te ajuta sa completezi interviul online sau iti raspunde cu amabilitate la orice intrebare. Asadar, fii cat mai naturala si spontana. Noi abia asteptam sa te cunoastem!<\/p><p>Interviul Online\u00a0este cea mai rapida cale de a lua legatura cu unul din Trainerii de la Charm Studios.\u00a0<\/p>\t\t\t\t\t\t\t\t<\/div>\n\t\t\t\t<\/div>\n\t\t\t\t<div class=\"elementor-element elementor-element-b24ea00 elementor-widget elementor-widget-text-editor\" data-id=\"b24ea00\" data-element_type=\"widget\" data-e-type=\"widget\" data-widget_type=\"text-editor.default\">\n\t\t\t\t<div class=\"elementor-widget-container\">\n\t\t\t\t\t\t\t\t\t<p>Repezentantii nostrii sunt online 24\/24, 7 zile din 7. Deasemenea exista si asistenta online prin chat-ul activ al site-ului, unde veti gasi la orice ora o persoana desemnata sa va ofere informatii.<\/p>\t\t\t\t\t\t\t\t<\/div>\n\t\t\t\t<\/div>\n\t\t\t\t<div class=\"elementor-element elementor-element-7cb5aaa elementor-widget elementor-widget-text-editor\" data-id=\"7cb5aaa\" data-element_type=\"widget\" data-e-type=\"widget\" data-widget_type=\"text-editor.default\">\n\t\t\t\t<div class=\"elementor-widget-container\">\n\t\t\t\t\t\t\t\t\t<p>Scopul acestui mini\u00a0Interviu Online este\u00a0de a veni in ajutorul vostru atunci cand doriti sa incepeti o colaborare cu Studioul nostru de videochat. Dupa completarea interviului online veti fi contactata in cel mai scurt timp posibil de catre departamentul de resurse umane in vederea stabilirii unei intalniri in cadrul studioului nostru. La aceasta intalnire, nu numai ca ne puteti intalni, dar aveti posibilitatea de a vedea locatia noastra si mediul de lucru. In cadrul intalnirii veti avea o discutie libera cu o persoana din departamentul de resurse umane al companiei, discutie in urma careia selectam persoanele cu care formam echipa.<\/p>\t\t\t\t\t\t\t\t<\/div>\n\t\t\t\t<\/div>\n\t\t\t\t<div class=\"elementor-element elementor-element-8b3d1fe elementor-widget elementor-widget-text-editor\" data-id=\"8b3d1fe\" data-element_type=\"widget\" data-e-type=\"widget\" data-widget_type=\"text-editor.default\">\n\t\t\t\t<div class=\"elementor-widget-container\">\n\t\t\t\t\t\t\t\t\t<p>Va rugam si sugeram sa completati formularul de\u00a0Interviu Online\u00a0acum. Astfel veti avea sansa de a fi invitata la o discutie si eventual sa fiti angajata cu Contract Individual de Munca (legal) intr-o companie cu o vechime de peste 7 ani. La noi, angajatii profita de toate beneficiile unui Contract Individual de Munca.<\/p>\t\t\t\t\t\t\t\t<\/div>\n\t\t\t\t<\/div>\n\t\t\t\t<div class=\"elementor-element elementor-element-e143db0 elementor-widget elementor-widget-text-editor\" data-id=\"e143db0\" data-element_type=\"widget\" data-e-type=\"widget\" data-widget_type=\"text-editor.default\">\n\t\t\t\t<div class=\"elementor-widget-container\">\n\t\t\t\t\t\t\t\t\t<p>Din momentul in care ati fost selectata si incepeti sa lucrati cu Charm Studios beneficiati de\u00a0castiguri\u00a0extraordinare. Noi garantam aceste castiguri mari pentru ca stim ce facem si detinem cheia succesului. Identificam inca de la interviu potentialul viitorului angajat si incercam sa nu irosim timpul nimanui. Cu siguranta veti aprecia din prima clipa echipa si o atmosfera de lucru ideala.<\/p>\t\t\t\t\t\t\t\t<\/div>\n\t\t\t\t<\/div>\n\t\t\t\t<div class=\"elementor-element elementor-element-86edcc4 elementor-widget elementor-widget-text-editor\" data-id=\"86edcc4\" data-element_type=\"widget\" data-e-type=\"widget\" data-widget_type=\"text-editor.default\">\n\t\t\t\t<div class=\"elementor-widget-container\">\n\t\t\t\t\t\t\t\t\t<p><strong>Ne rezervam dreptul de a lucra numai cu oameni care ni se aseamana.<\/strong><\/p>\t\t\t\t\t\t\t\t<\/div>\n\t\t\t\t<\/div>\n\t\t\t\t\t<\/div>\n\t\t<\/div>\n\t\t\t\t\t<\/div>\n\t\t<\/section>\n\t\t\t\t<\/div>\n\t\t","protected":false},"excerpt":{"rendered":"<p>\u2014 CHARM STUDIOS Acas\u0103 INTERVIU ONLINE VIDEOCHAT Primul pas pentru a te angaja la\u00a0Charm Studios\u00a0este interviul online. Aceasta este o form? profesionista si simpla de a \u00eencepe o colaborare: ne transmiti cateva lucruri despre tine, ne asiguram ca ai 18 ani si apoi te putem invita la sediul nostru, pentru a ne cunoaste. Important e [&hellip;]<\/p>\n","protected":false},"author":3,"featured_media":0,"parent":0,"menu_order":0,"comment_status":"closed","ping_status":"closed","template":"","meta":{"site-sidebar-layout":"no-sidebar","site-content-layout":"page-builder","ast-site-content-layout":"default","site-content-style":"default","site-sidebar-style":"default","ast-global-header-display":"","ast-banner-title-visibility":"","ast-main-header-display":"","ast-hfb-above-header-display":"","ast-hfb-below-header-display":"","ast-hfb-mobile-header-display":"","site-post-title":"disabled","ast-breadcrumbs-content":"disabled","ast-featured-img":"disabled","footer-sml-layout":"","theme-transparent-header-meta":"disabled","adv-header-id-meta":"","stick-header-meta":"","header-above-stick-meta":"","header-main-stick-meta":"","header-below-stick-meta":"","astra-migrate-meta-layouts":"default","ast-page-background-enabled":"default","ast-page-background-meta":{"desktop":{"background-color":"","background-image":"","background-repeat":"repeat","background-position":"center center","background-size":"auto","background-attachment":"scroll","background-type":"","background-media":"","overlay-type":"","overlay-color":"","overlay-opacity":"","overlay-gradient":""},"tablet":{"background-color":"","background-image":"","background-repeat":"repeat","background-position":"center center","background-size":"auto","background-attachment":"scroll","background-type":"","background-media":"","overlay-type":"","overlay-color":"","overlay-opacity":"","overlay-gradient":""},"mobile":{"background-color":"","background-image":"","background-repeat":"repeat","background-position":"center center","background-size":"auto","background-attachment":"scroll","background-type":"","background-media":"","overlay-type":"","overlay-color":"","overlay-opacity":"","overlay-gradient":""}},"ast-content-background-meta":{"desktop":{"background-color":"var(--ast-global-color-5)","background-image":"","background-repeat":"repeat","background-position":"center center","background-size":"auto","background-attachment":"scroll","background-type":"","background-media":"","overlay-type":"","overlay-color":"","overlay-opacity":"","overlay-gradient":""},"tablet":{"background-color":"var(--ast-global-color-5)","background-image":"","background-repeat":"repeat","background-position":"center center","background-size":"auto","background-attachment":"scroll","background-type":"","background-media":"","overlay-type":"","overlay-color":"","overlay-opacity":"","overlay-gradient":""},"mobile":{"background-color":"var(--ast-global-color-5)","background-image":"","background-repeat":"repeat","background-position":"center center","background-size":"auto","background-attachment":"scroll","background-type":"","background-media":"","overlay-type":"","overlay-color":"","overlay-opacity":"","overlay-gradient":""}},"footnotes":""},"class_list":["post-15530","page","type-page","status-publish","hentry"],"_links":{"self":[{"href":"https:\/\/charmstudios.co.uk\/en\/wp-json\/wp\/v2\/pages\/15530","targetHints":{"allow":["GET"]}}],"collection":[{"href":"https:\/\/charmstudios.co.uk\/en\/wp-json\/wp\/v2\/pages"}],"about":[{"href":"https:\/\/charmstudios.co.uk\/en\/wp-json\/wp\/v2\/types\/page"}],"author":[{"embeddable":true,"href":"https:\/\/charmstudios.co.uk\/en\/wp-json\/wp\/v2\/users\/3"}],"replies":[{"embeddable":true,"href":"https:\/\/charmstudios.co.uk\/en\/wp-json\/wp\/v2\/comments?post=15530"}],"version-history":[{"count":0,"href":"https:\/\/charmstudios.co.uk\/en\/wp-json\/wp\/v2\/pages\/15530\/revisions"}],"wp:attachment":[{"href":"https:\/\/charmstudios.co.uk\/en\/wp-json\/wp\/v2\/media?parent=15530"}],"curies":[{"name":"wp","href":"https:\/\/api.w.org\/{rel}","templated":true}]}}